{"id":76,"date":"2025-12-25T18:54:54","date_gmt":"2025-12-25T11:54:54","guid":{"rendered":"https:\/\/566-66.com\/?page_id=76"},"modified":"2026-02-26T23:54:19","modified_gmt":"2026-02-26T16:54:19","slug":"trang-chu","status":"publish","type":"page","link":"https:\/\/566-66.com\/","title":{"rendered":"Trang Ch\u1ee7"},"content":{"rendered":"\n\t<section class=\"section\" id=\"section_1466913330\">\n\t\t<div class=\"section-bg fill\" >\n\t\t\t\t\t\t\t\t\t\n\t\t\t\n\n\t\t<\/div>\n\n\t\t\n\n\t\t<div class=\"section-content relative\">\n\t\t\t\n<div class=\"slider-wrapper relative\" id=\"slider-560387126\" >\n    <div class=\"slider slider-nav-circle slider-nav-large slider-nav-light slider-style-normal\"\n        data-flickity-options='{\n            \"cellAlign\": \"center\",\n            \"imagesLoaded\": true,\n            \"lazyLoad\": 1,\n            \"freeScroll\": false,\n            \"wrapAround\": true,\n            \"autoPlay\": 3000,\n            \"pauseAutoPlayOnHover\" : true,\n            \"prevNextButtons\": true,\n            \"contain\" : true,\n            \"adaptiveHeight\" : true,\n            \"dragThreshold\" : 10,\n            \"percentPosition\": true,\n            \"pageDots\": true,\n            \"rightToLeft\": false,\n            \"draggable\": true,\n            \"selectedAttraction\": 0.1,\n            \"parallax\" : 0,\n            \"friction\": 0.6        }'\n        >\n        \n\t<div class=\"img has-hover x md-x lg-x y md-y lg-y\" id=\"image_41384101\">\n\t\t<a class=\"\" href=\"https:\/\/566-66.com\/su\" target=\"_blank\" rel=\"noopener\" >\t\t\t\t\t\t<div class=\"img-inner dark\" >\n\t\t\t<img loading=\"lazy\" decoding=\"async\" width=\"1020\" height=\"300\" src=\"https:\/\/566-66.com\/wp-content\/uploads\/2026\/02\/566.com-Dang-Ky.avif\" class=\"attachment-original size-original\" alt=\"566.com\" srcset=\"https:\/\/566-66.com\/wp-content\/uploads\/2026\/02\/566.com-Dang-Ky.avif 1020w, https:\/\/566-66.com\/wp-content\/uploads\/2026\/02\/566.com-Dang-Ky-300x88.avif 300w, https:\/\/566-66.com\/wp-content\/uploads\/2026\/02\/566.com-Dang-Ky-768x226.avif 768w\" sizes=\"auto, (max-width: 1020px) 100vw, 1020px\" \/>\t\t\t\t\t\t\n\t\t\t\t\t<\/div>\n\t\t\t\t\t\t<\/a>\t\t\n<style>\n#image_41384101 {\n  width: 100%;\n}\n<\/style>\n\t<\/div>\n\t\n\t<div class=\"img has-hover x md-x lg-x y md-y lg-y\" id=\"image_2110437746\">\n\t\t<a class=\"\" href=\"https:\/\/566-66.com\/su\" target=\"_blank\" rel=\"noopener\" >\t\t\t\t\t\t<div class=\"img-inner dark\" >\n\t\t\t<img loading=\"lazy\" decoding=\"async\" width=\"1020\" height=\"300\" src=\"https:\/\/566-66.com\/wp-content\/uploads\/2026\/02\/566.com-Che-Do-Ban-Be.avif\" class=\"attachment-original size-original\" alt=\"566.com\" srcset=\"https:\/\/566-66.com\/wp-content\/uploads\/2026\/02\/566.com-Che-Do-Ban-Be.avif 1020w, https:\/\/566-66.com\/wp-content\/uploads\/2026\/02\/566.com-Che-Do-Ban-Be-300x88.avif 300w, https:\/\/566-66.com\/wp-content\/uploads\/2026\/02\/566.com-Che-Do-Ban-Be-768x226.avif 768w\" sizes=\"auto, (max-width: 1020px) 100vw, 1020px\" \/>\t\t\t\t\t\t\n\t\t\t\t\t<\/div>\n\t\t\t\t\t\t<\/a>\t\t\n<style>\n#image_2110437746 {\n  width: 100%;\n}\n<\/style>\n\t<\/div>\n\t\n\t<div class=\"img has-hover x md-x lg-x y md-y lg-y\" id=\"image_186061059\">\n\t\t<a class=\"\" href=\"https:\/\/566-66.com\/su\" target=\"_blank\" rel=\"noopener\" >\t\t\t\t\t\t<div class=\"img-inner dark\" >\n\t\t\t<img loading=\"lazy\" decoding=\"async\" width=\"1020\" height=\"300\" src=\"https:\/\/566-66.com\/wp-content\/uploads\/2026\/02\/566.com-No-Hu.avif\" class=\"attachment-original size-original\" alt=\"566.com\" srcset=\"https:\/\/566-66.com\/wp-content\/uploads\/2026\/02\/566.com-No-Hu.avif 1020w, https:\/\/566-66.com\/wp-content\/uploads\/2026\/02\/566.com-No-Hu-300x88.avif 300w, https:\/\/566-66.com\/wp-content\/uploads\/2026\/02\/566.com-No-Hu-768x226.avif 768w\" sizes=\"auto, (max-width: 1020px) 100vw, 1020px\" \/>\t\t\t\t\t\t\n\t\t\t\t\t<\/div>\n\t\t\t\t\t\t<\/a>\t\t\n<style>\n#image_186061059 {\n  width: 100%;\n}\n<\/style>\n\t<\/div>\n\t\n     <\/div>\n\n     <div class=\"loading-spin dark large centered\"><\/div>\n\n\t<\/div>\n\n\n<div class=\"container section-title-container\" ><h1 class=\"section-title section-title-center\"><b aria-hidden=\"true\"><\/b><span class=\"section-title-main\" style=\"font-size:88%;color:rgb(77, 9, 206);\">566.COM - nh\u00e0 c\u00e1i game b\u00e0i uy t\u00edn, \u0110\u0103ng K\u00fd Nh\u1eadn 566K<\/span><b aria-hidden=\"true\"><\/b><\/h1><\/div>\n<div class=\"row row-small hide-for-medium\"  id=\"row-1886487608\">\n\n\t<div id=\"col-1151513863\" class=\"col medium-6 small-12 large-6\"  >\n\t\t\t\t<div class=\"col-inner\"  >\n\t\t\t\n\t\t\t\n<div class=\"container section-title-container\" ><h3 class=\"section-title section-title-center\"><span class=\"ez-toc-section\" id=\"Tai_APP_566\"><\/span><b aria-hidden=\"true\"><\/b><span class=\"section-title-main\" style=\"color:rgb(77, 9, 206);\">T\u1ea3i APP 566<\/span><b aria-hidden=\"true\"><\/b><span class=\"ez-toc-section-end\"><\/span><\/h3><\/div>\n<p><span style=\"color: #4d09ce;\"><strong data-start=\"0\" data-end=\"18\" data-is-only-node=\"\">T\u1ea3i app 566<\/strong><\/span> l\u00e0 c\u00e1ch nhanh nh\u1ea5t \u0111\u1ec3 ng\u01b0\u1eddi ch\u01a1i t\u1eadn h\u01b0\u1edfng tr\u1ecdn v\u1eb9n c\u00e1c <strong data-start=\"75\" data-end=\"93\">\u01b0u \u0111\u00e3i h\u1ea5p d\u1eabn<\/strong> c\u00f9ng tr\u1ea3i nghi\u1ec7m c\u00e1 c\u01b0\u1ee3c m\u01b0\u1ee3t m\u00e0 nh\u1ea5t. Khi c\u00e0i \u0111\u1eb7t \u1ee9ng d\u1ee5ng, ng\u01b0\u1eddi d\u00f9ng c\u00f3 c\u01a1 h\u1ed9i nh\u1eadn nhi\u1ec1u khuy\u1ebfn m\u00e3i \u0111\u1ed9c quy\u1ec1n d\u00e0nh ri\u00eang cho n\u1ec1n t\u1ea3ng di \u0111\u1ed9ng, t\u1eeb th\u01b0\u1edfng t\u00e2n th\u1ee7, ho\u00e0n ti\u1ec1n \u0111\u1ebfn giftcode s\u1ef1 ki\u1ec7n. <span style=\"color: #4d09ce;\"><strong>App 566<\/strong><\/span> \u0111\u01b0\u1ee3c t\u1ed1i \u01b0u cho c\u1ea3 iOS v\u00e0 Android, giao di\u1ec7n th\u00e2n thi\u1ec7n, t\u1ed1c \u0111\u1ed9 x\u1eed l\u00fd nhanh, thao t\u00e1c n\u1ea1p \u2013 r\u00fat ti\u1ec7n l\u1ee3i ch\u1ec9 trong v\u00e0i b\u01b0\u1edbc. Ngo\u00e0i ra, \u1ee9ng d\u1ee5ng c\u00f2n gi\u00fap ng\u01b0\u1eddi ch\u01a1i truy c\u1eadp game m\u1ecdi l\u00fac m\u1ecdi n\u01a1i, kh\u00f4ng gi\u00e1n \u0111o\u1ea1n, \u0111\u1ea3m b\u1ea3o b\u1ea3o m\u1eadt cao v\u00e0 tr\u1ea3i nghi\u1ec7m \u1ed5n \u0111\u1ecbnh h\u01a1n so v\u1edbi tr\u00ecnh duy\u1ec7t web.<\/p>\n\t\t<\/div>\n\t\t\t\t\n<style>\n#col-1151513863 > .col-inner {\n  padding: 33px 0px 0px 0px;\n  margin: 0px 0px 0px 0px;\n}\n<\/style>\n\t<\/div>\n\n\t\n\n\t<div id=\"col-781306438\" class=\"col medium-6 small-12 large-6\"  >\n\t\t\t\t<div class=\"col-inner\"  >\n\t\t\t\n\t\t\t\n\t<div class=\"img has-hover x md-x lg-x y md-y lg-y\" id=\"image_1666578544\">\n\t\t<a class=\"\" href=\"https:\/\/566-66.com\/su\" target=\"_blank\" rel=\"noopener\" >\t\t\t\t\t\t<div class=\"img-inner dark\" >\n\t\t\t<img loading=\"lazy\" decoding=\"async\" width=\"1064\" height=\"675\" src=\"https:\/\/566-66.com\/wp-content\/uploads\/2026\/02\/Tai-App-566.avif\" class=\"attachment-original size-original\" alt=\"566.com\" srcset=\"https:\/\/566-66.com\/wp-content\/uploads\/2026\/02\/Tai-App-566.avif 1064w, https:\/\/566-66.com\/wp-content\/uploads\/2026\/02\/Tai-App-566-300x190.avif 300w, https:\/\/566-66.com\/wp-content\/uploads\/2026\/02\/Tai-App-566-1024x650.avif 1024w, https:\/\/566-66.com\/wp-content\/uploads\/2026\/02\/Tai-App-566-768x487.avif 768w\" sizes=\"auto, (max-width: 1064px) 100vw, 1064px\" \/>\t\t\t\t\t\t\n\t\t\t\t\t<\/div>\n\t\t\t\t\t\t<\/a>\t\t\n<style>\n#image_1666578544 {\n  width: 100%;\n}\n<\/style>\n\t<\/div>\n\t\n\t\t<\/div>\n\t\t\t\t\t<\/div>\n\n\t\n<\/div>\n<div class=\"row\"  id=\"row-1257032554\">\n\n\t<div id=\"col-148415267\" class=\"col small-12 large-12\"  >\n\t\t\t\t<div class=\"col-inner\"  >\n\t\t\t\n\t\t\t\n<div class=\"row-content\">\n<div class=\"col\">\n<h2 data-start=\"343\" data-end=\"400\"><span class=\"ez-toc-section\" id=\"566_la_ai_ma_duoc_cong_dong_quan_tam_nhieu_den_vay\"><\/span><span style=\"color: #f26522;\"><a href=\"https:\/\/566-66.com\/\"><span style=\"color: #4d09ce;\">566<\/span><\/a><span style=\"color: #4d09ce;\"> l\u00e0 ai m\u00e0 \u0111\u01b0\u1ee3c c\u1ed9ng \u0111\u1ed3ng quan t\u00e2m nhi\u1ec1u \u0111\u1ebfn v\u1eady?<\/span><\/span><span class=\"ez-toc-section-end\"><\/span><\/h2>\n<p data-start=\"402\" data-end=\"769\">Gi\u1eefa h\u00e0ng lo\u1ea1t nh\u00e0 c\u00e1i online xu\u1ea5t hi\u1ec7n tr\u00ean th\u1ecb tr\u01b0\u1eddng, <strong data-start=\"459\" data-end=\"469\">566<\/strong> nhanh ch\u00f3ng t\u1ea1o \u0111\u01b0\u1ee3c d\u1ea5u \u1ea5n ri\u00eang nh\u1edd c\u00e1ch l\u00e0m b\u00e0i b\u1ea3n, h\u00ecnh \u1ea3nh th\u01b0\u01a1ng hi\u1ec7u r\u00f5 r\u00e0ng v\u00e0 \u0111\u1eb7c bi\u1ec7t l\u00e0 <strong data-start=\"570\" data-end=\"612\">khuy\u1ebfn m\u00e3i c\u1ef1c m\u1ea1nh cho ng\u01b0\u1eddi ch\u01a1i m\u1edbi<\/strong>. Kh\u00f4ng \u0111i theo l\u1ed1i m\u00f2n qu\u1ea3ng c\u00e1o r\u1ea7m r\u1ed9 nh\u01b0ng thi\u1ebfu chi\u1ec1u s\u00e2u, 566com ch\u1ecdn h\u01b0\u1edbng x\u00e2y d\u1ef1ng n\u1ec1n t\u1ea3ng \u1ed5n \u0111\u1ecbnh, minh b\u1ea1ch v\u00e0 tr\u1ea3i nghi\u1ec7m m\u01b0\u1ee3t m\u00e0 cho ng\u01b0\u1eddi d\u00f9ng.<\/p>\n<p data-start=\"771\" data-end=\"989\">Ngay t\u1eeb l\u1ea7n truy c\u1eadp \u0111\u1ea7u ti\u00ean, 566 mang l\u1ea1i c\u1ea3m gi\u00e1c hi\u1ec7n \u0111\u1ea1i, d\u1ec5 d\u00f9ng v\u00e0 th\u00e2n thi\u1ec7n. Giao di\u1ec7n g\u1ecdn g\u00e0ng, thao t\u00e1c nhanh, h\u1ed7 tr\u1ee3 ti\u1ebfng Vi\u1ec7t \u0111\u1ea7y \u0111\u1ee7 \u2013 \u0111\u00fang gu c\u1ee7a th\u1ebf h\u1ec7 ng\u01b0\u1eddi ch\u01a1i tr\u1ebb y\u00eau th\u00edch s\u1ef1 ti\u1ec7n l\u1ee3i v\u00e0 t\u1ed1c \u0111\u1ed9.<\/p>\n<figure id=\"attachment_192\" aria-describedby=\"caption-attachment-192\" style=\"width: 710px\" class=\"wp-caption aligncenter\"><a href=\"https:\/\/566-66.com\/\"><img loading=\"lazy\" decoding=\"async\" class=\"wp-image-192 size-full\" src=\"https:\/\/566-66.com\/wp-content\/uploads\/2026\/02\/566.com-Tai-App.avif\" alt=\"566.com\" width=\"710\" height=\"320\" srcset=\"https:\/\/566-66.com\/wp-content\/uploads\/2026\/02\/566.com-Tai-App.avif 710w, https:\/\/566-66.com\/wp-content\/uploads\/2026\/02\/566.com-Tai-App-300x135.avif 300w\" sizes=\"auto, (max-width: 710px) 100vw, 710px\" \/><\/a><figcaption id=\"caption-attachment-192\" class=\"wp-caption-text\">T\u1ea3i App 566 &#8211; \u0110\u0103ng K\u00fd T\u00e0i Kho\u1ea3n Nh\u1eadn 566K<\/figcaption><\/figure>\n<h3 data-start=\"996\" data-end=\"1045\"><span class=\"ez-toc-section\" id=\"Vi_sao_566_com_duoc_danh_gia_la_nha_cai_uy_tin\"><\/span><span style=\"color: #4d09ce;\">V\u00ec sao 566 com \u0111\u01b0\u1ee3c \u0111\u00e1nh gi\u00e1 l\u00e0 nh\u00e0 c\u00e1i uy t\u00edn?<\/span><span class=\"ez-toc-section-end\"><\/span><\/h3>\n<p data-start=\"1047\" data-end=\"1242\"><strong data-start=\"0\" data-end=\"42\" data-is-only-node=\"\">566 \u0111\u01b0\u1ee3c \u0111\u00e1nh gi\u00e1 l\u00e0 nh\u00e0 c\u00e1i uy t\u00edn<\/strong> b\u1edfi s\u1ef1 \u0111\u1ea7u t\u01b0 nghi\u00eam t\u00fac v\u00e0 c\u00e1ch v\u1eadn h\u00e0nh chuy\u00ean nghi\u1ec7p ngay t\u1eeb n\u1ec1n t\u1ea3ng c\u1ed1t l\u00f5i. Nh\u00e0 c\u00e1i \u00e1p d\u1ee5ng c\u00f4ng ngh\u1ec7 b\u1ea3o m\u1eadt ti\u00ean ti\u1ebfn, m\u00e3 h\u00f3a to\u00e0n b\u1ed9 d\u1eef li\u1ec7u ng\u01b0\u1eddi ch\u01a1i nh\u1eb1m \u0111\u1ea3m b\u1ea3o an to\u00e0n tuy\u1ec7t \u0111\u1ed1i cho th\u00f4ng tin c\u00e1 nh\u00e2n c\u0169ng nh\u01b0 c\u00e1c giao d\u1ecbch t\u00e0i ch\u00ednh. Quy tr\u00ecnh \u0111\u0103ng k\u00fd, n\u1ea1p \u2013 r\u00fat ti\u1ec1n v\u00e0 x\u1eed l\u00fd khuy\u1ebfn m\u00e3i t\u1ea1i 566 \u0111\u01b0\u1ee3c x\u00e2y d\u1ef1ng r\u00f5 r\u00e0ng, minh b\u1ea1ch, h\u1ea1n ch\u1ebf t\u1ed1i \u0111a t\u00ecnh tr\u1ea1ng ch\u1eadm tr\u1ec5 hay ph\u00e1t sinh \u0111i\u1ec1u kho\u1ea3n kh\u00f3 hi\u1ec3u. B\u00ean c\u1ea1nh \u0111\u00f3, h\u1ec7 th\u1ed1ng ho\u1ea1t \u0111\u1ed9ng \u1ed5n \u0111\u1ecbnh, t\u1ed1c \u0111\u1ed9 x\u1eed l\u00fd nhanh c\u00f9ng \u0111\u1ed9i ng\u0169 ch\u0103m s\u00f3c kh\u00e1ch h\u00e0ng h\u1ed7 tr\u1ee3 24\/7 gi\u00fap ng\u01b0\u1eddi ch\u01a1i lu\u00f4n y\u00ean t\u00e2m trong qu\u00e1 tr\u00ecnh tr\u1ea3i nghi\u1ec7m. Vi\u1ec7c 566 h\u1ee3p t\u00e1c v\u1edbi nhi\u1ec1u c\u1ea7u th\u1ee7 n\u1ed5i ti\u1ebfng \u0111\u1ec3 x\u00e2y d\u1ef1ng h\u00ecnh \u1ea3nh th\u01b0\u01a1ng hi\u1ec7u c\u0169ng l\u00e0 minh ch\u1ee9ng cho ti\u1ec1m l\u1ef1c t\u00e0i ch\u00ednh, \u0111\u1ecbnh h\u01b0\u1edbng ph\u00e1t tri\u1ec3n l\u00e2u d\u00e0i v\u00e0 m\u1ee9c \u0111\u1ed9 \u0111\u00e1ng tin c\u1eady c\u1ee7a nh\u00e0 c\u00e1i tr\u00ean th\u1ecb tr\u01b0\u1eddng c\u00e1 c\u01b0\u1ee3c tr\u1ef1c tuy\u1ebfn.<\/p>\n<p data-start=\"1047\" data-end=\"1242\">Ch\u00ednh s\u1ef1 \u1ed5n \u0111\u1ecbnh n\u00e0y gi\u00fap 566 com d\u1ea7n x\u00e2y d\u1ef1ng \u0111\u01b0\u1ee3c l\u00f2ng tin v\u00e0 c\u1ed9ng \u0111\u1ed3ng ng\u01b0\u1eddi ch\u01a1i trung th\u00e0nh.<\/p>\n<h3 data-start=\"1781\" data-end=\"1836\"><span class=\"ez-toc-section\" id=\"Khuyen_mai_566%E2%80%93_%E2%80%9CVao_la_co_qua%E2%80%9D_tan_thu_cuc_loi\"><\/span><span style=\"color: #4d09ce;\">Khuy\u1ebfn m\u00e3i 566\u2013 \u201cV\u00e0o l\u00e0 c\u00f3 qu\u00e0\u201d, t\u00e2n th\u1ee7 c\u1ef1c l\u1eddi<\/span><span class=\"ez-toc-section-end\"><\/span><\/h3>\n<p data-start=\"1838\" data-end=\"2033\">N\u1ebfu b\u1ea1n l\u00e0 ng\u01b0\u1eddi m\u1edbi, 566 ch\u1eafc ch\u1eafn l\u00e0 c\u00e1i t\u00ean r\u1ea5t \u0111\u00e1ng th\u1eed. Nh\u00e0 c\u00e1i tung ra <strong data-start=\"1918\" data-end=\"1976\">h\u00e0ng lo\u1ea1t \u01b0u \u0111\u00e3i h\u1ea5p d\u1eabn d\u00e0nh ri\u00eang cho th\u00e0nh vi\u00ean m\u1edbi<\/strong>, gi\u00fap b\u1ea1n b\u1eaft \u0111\u1ea7u d\u1ec5 d\u00e0ng m\u00e0 kh\u00f4ng c\u1ea7n b\u1ecf qu\u00e1 nhi\u1ec1u v\u1ed1n.<\/p>\n<p data-start=\"2035\" data-end=\"2082\">C\u00e1c ch\u01b0\u01a1ng tr\u00ecnh khuy\u1ebfn m\u00e3i n\u1ed5i b\u1eadt t\u1ea1i 566:<\/p>\n<ul data-start=\"2083\" data-end=\"2239\">\n<li data-start=\"2083\" data-end=\"2119\">\n<p data-start=\"2085\" data-end=\"2119\">Th\u01b0\u1edfng \u0111\u0103ng k\u00fd cho t\u00e0i kho\u1ea3n m\u1edbi<\/p>\n<\/li>\n<li data-start=\"2120\" data-end=\"2156\">\n<p data-start=\"2122\" data-end=\"2156\">Th\u01b0\u1edfng n\u1ea1p l\u1ea7n \u0111\u1ea7u v\u1edbi t\u1ef7 l\u1ec7 cao<\/p>\n<\/li>\n<li data-start=\"2195\" data-end=\"2239\">\n<p data-start=\"2197\" data-end=\"2239\">Giftcode, v\u00f2ng quay may m\u1eafn theo s\u1ef1 ki\u1ec7n<\/p>\n<\/li>\n<\/ul>\n<p data-start=\"2241\" data-end=\"2425\">Nh\u1eefng \u01b0u \u0111\u00e3i n\u00e0y kh\u00f4ng ch\u1ec9 gi\u00fap ng\u01b0\u1eddi ch\u01a1i tr\u1ea3i nghi\u1ec7m nhi\u1ec1u tr\u00f2 ch\u01a1i h\u01a1n, m\u00e0 c\u00f2n t\u0103ng c\u01a1 h\u1ed9i th\u1eafng ngay t\u1eeb giai \u0111o\u1ea1n \u0111\u1ea7u. \u0110\u00e2y l\u00e0 l\u00fd do OKVIP \u0111\u01b0\u1ee3c \u0111\u00e1nh gi\u00e1 l\u00e0 \u201cnh\u00e0 c\u00e1i chi\u1ec1u t\u00e2n th\u1ee7\u201d.<\/p>\n<figure id=\"attachment_193\" aria-describedby=\"caption-attachment-193\" style=\"width: 710px\" class=\"wp-caption aligncenter\"><a href=\"https:\/\/566-66.com\/\"><img loading=\"lazy\" decoding=\"async\" class=\"wp-image-193 size-full\" src=\"https:\/\/566-66.com\/wp-content\/uploads\/2026\/02\/566.com-Thanh-Vien-Moi.avif\" alt=\"566.com\" width=\"710\" height=\"320\" srcset=\"https:\/\/566-66.com\/wp-content\/uploads\/2026\/02\/566.com-Thanh-Vien-Moi.avif 710w, https:\/\/566-66.com\/wp-content\/uploads\/2026\/02\/566.com-Thanh-Vien-Moi-300x135.avif 300w\" sizes=\"auto, (max-width: 710px) 100vw, 710px\" \/><\/a><figcaption id=\"caption-attachment-193\" class=\"wp-caption-text\">566 &#8211; Th\u00e0nh Vi\u00ean M\u1edbi Nh\u1eadn 56K<\/figcaption><\/figure>\n<h3 data-start=\"2432\" data-end=\"2499\"><span class=\"ez-toc-section\" id=\"566_bat_tay_cau_thu_noi_tieng_%E2%80%93_Diem_cong_lon_cho_thuong_hieu\"><\/span><span style=\"color: #4d09ce;\">566 b\u1eaft tay c\u1ea7u th\u1ee7 n\u1ed5i ti\u1ebfng \u2013 \u0110i\u1ec3m c\u1ed9ng l\u1edbn cho th\u01b0\u01a1ng hi\u1ec7u<\/span><span class=\"ez-toc-section-end\"><\/span><\/h3>\n<p data-start=\"2501\" data-end=\"2717\">Kh\u00f4ng ch\u1ec9 t\u1eadp trung v\u00e0o khuy\u1ebfn m\u00e3i, 566 c\u00f2n \u0111\u1ea7u t\u01b0 m\u1ea1nh v\u00e0o <strong data-start=\"2564\" data-end=\"2597\">x\u00e2y d\u1ef1ng h\u00ecnh \u1ea3nh th\u01b0\u01a1ng hi\u1ec7u<\/strong>. Nh\u00e0 c\u00e1i n\u00e0y \u0111\u00e3 <strong data-start=\"2614\" data-end=\"2661\">h\u1ee3p t\u00e1c v\u1edbi nhi\u1ec1u c\u1ea7u th\u1ee7 b\u00f3ng \u0111\u00e1 n\u1ed5i ti\u1ebfng<\/strong>, t\u1ea1o hi\u1ec7u \u1ee9ng t\u00edch c\u1ef1c trong c\u1ed9ng \u0111\u1ed3ng c\u00e1 c\u01b0\u1ee3c qu\u1ed1c t\u1ebf.<\/p>\n<p data-start=\"2719\" data-end=\"2773\">Vi\u1ec7c \u0111\u1ed3ng h\u00e0nh c\u00f9ng c\u00e1c ng\u00f4i sao th\u1ec3 thao gi\u00fap 566 com:<\/p>\n<ul data-start=\"2774\" data-end=\"2895\">\n<li data-start=\"2774\" data-end=\"2807\">\n<p data-start=\"2776\" data-end=\"2807\">T\u0103ng \u0111\u1ed9 nh\u1eadn di\u1ec7n th\u01b0\u01a1ng hi\u1ec7u<\/p>\n<\/li>\n<li data-start=\"2808\" data-end=\"2851\">\n<p data-start=\"2810\" data-end=\"2851\">Kh\u1eb3ng \u0111\u1ecbnh quy m\u00f4 v\u00e0 ti\u1ec1m l\u1ef1c t\u00e0i ch\u00ednh<\/p>\n<\/li>\n<li data-start=\"2852\" data-end=\"2895\">\n<p data-start=\"2854\" data-end=\"2895\">T\u1ea1o c\u1ea3m gi\u00e1c tin c\u1eady cho ng\u01b0\u1eddi ch\u01a1i m\u1edbi<\/p>\n<\/li>\n<\/ul>\n<p data-start=\"2897\" data-end=\"3071\">V\u1edbi ng\u01b0\u1eddi ch\u01a1i tr\u1ebb, vi\u1ec7c m\u1ed9t nh\u00e0 c\u00e1i g\u1eafn li\u1ec1n v\u1edbi h\u00ecnh \u1ea3nh c\u1ea7u th\u1ee7 n\u1ed5i ti\u1ebfng c\u0169ng gi\u00fap th\u01b0\u01a1ng hi\u1ec7u tr\u1edf n\u00ean g\u1ea7n g\u0169i, n\u0103ng \u0111\u1ed9ng v\u00e0 \u201cc\u00f3 ch\u1ea5t\u201d h\u01a1n h\u1eb3n so v\u1edbi c\u00e1c n\u1ec1n t\u1ea3ng nh\u1ecf l\u1ebb.<\/p>\n<h2 data-start=\"3078\" data-end=\"3124\"><span class=\"ez-toc-section\" id=\"Kho_game_566_%E2%80%93_Da_dang_de_choi_de_cuon\"><\/span><span style=\"color: #4d09ce;\">Kho game 566 \u2013 \u0110a d\u1ea1ng, d\u1ec5 ch\u01a1i, d\u1ec5 cu\u1ed1n<\/span><span class=\"ez-toc-section-end\"><\/span><\/h2>\n<p data-start=\"3126\" data-end=\"3316\">566-66 x\u00e2y d\u1ef1ng h\u1ec7 sinh th\u00e1i tr\u00f2 ch\u01a1i phong ph\u00fa, ph\u00f9 h\u1ee3p v\u1edbi nhi\u1ec1u phong c\u00e1ch ng\u01b0\u1eddi ch\u01a1i kh\u00e1c nhau. D\u00f9 b\u1ea1n th\u00edch game nhanh \u2013 g\u1ecdn \u2013 gi\u1ea3i tr\u00ed hay c\u01b0\u1ee3c d\u00e0i h\u01a1i, \u0111\u1ec1u c\u00f3 l\u1ef1a ch\u1ecdn ph\u00f9 h\u1ee3p.<\/p>\n<h3 data-start=\"3318\" data-end=\"3354\"><span class=\"ez-toc-section\" id=\"Cac_san_pham_noi_bat_tai_566_com\"><\/span><span style=\"color: #4d09ce;\">C\u00e1c s\u1ea3n ph\u1ea9m n\u1ed5i b\u1eadt t\u1ea1i 566 com:<\/span><span class=\"ez-toc-section-end\"><\/span><\/h3>\n<ul data-start=\"3355\" data-end=\"3721\">\n<li data-start=\"3355\" data-end=\"3430\">\n<p data-start=\"3357\" data-end=\"3430\">C\u00e1 c\u01b0\u1ee3c th\u1ec3 thao: b\u00f3ng \u0111\u00e1, b\u00f3ng r\u1ed5, tennis, eSports v\u1edbi k\u00e8o \u0111a d\u1ea1ng<\/p>\n<\/li>\n<li data-start=\"3431\" data-end=\"3510\">\n<p data-start=\"3433\" data-end=\"3510\">Casino tr\u1ef1c tuy\u1ebfn: baccarat, roulette, blackjack, poker v\u1edbi dealer th\u1eadt<\/p>\n<\/li>\n<li data-start=\"3511\" data-end=\"3581\">\n<p data-start=\"3513\" data-end=\"3581\">Slot game \u2013 n\u1ed5 h\u0169: nhi\u1ec1u ch\u1ee7 \u0111\u1ec1, hi\u1ec7u \u1ee9ng \u0111\u1eb9p, jackpot h\u1ea5p d\u1eabn<\/p>\n<\/li>\n<li data-start=\"3582\" data-end=\"3653\">\n<p data-start=\"3584\" data-end=\"3653\">Game b\u00e0i truy\u1ec1n th\u1ed1ng: ti\u1ebfn l\u00ean, ph\u1ecfm, m\u1eadu binh, li\u00eang, x\u00f3c \u0111\u0129a<\/p>\n<\/li>\n<li data-start=\"3654\" data-end=\"3721\">\n<p data-start=\"3656\" data-end=\"3721\">B\u1eafn c\u00e1 gi\u1ea3i tr\u00ed: \u0111\u1ed3 h\u1ecda s\u1ed1ng \u0111\u1ed9ng, ch\u01a1i nh\u1eb9 nh\u00e0ng, d\u1ec5 tr\u00fang<\/p>\n<\/li>\n<\/ul>\n<p data-start=\"3723\" data-end=\"3817\">T\u1ea5t c\u1ea3 tr\u00f2 ch\u01a1i \u0111\u1ec1u \u0111\u01b0\u1ee3c t\u1ed1i \u01b0u cho c\u1ea3 m\u00e1y t\u00ednh l\u1eabn \u0111i\u1ec7n tho\u1ea1i, gi\u00fap b\u1ea1n ch\u01a1i m\u1ecdi l\u00fac m\u1ecdi n\u01a1i.<\/p>\n<h3 data-start=\"3824\" data-end=\"3877\"><span class=\"ez-toc-section\" id=\"Trai_nghiem_nguoi_dung_dang_khen_tai_566com\"><\/span><span style=\"color: #4d09ce;\">Tr\u1ea3i nghi\u1ec7m ng\u01b0\u1eddi d\u00f9ng \u0111\u00e1ng khen t\u1ea1i 566.com<\/span><span class=\"ez-toc-section-end\"><\/span><\/h3>\n<p data-start=\"3879\" data-end=\"4026\">App 566 \u0111\u1ea7u t\u01b0 m\u1ea1nh v\u00e0o tr\u1ea3i nghi\u1ec7m ng\u01b0\u1eddi d\u00f9ng, t\u1eeb giao di\u1ec7n \u0111\u1ebfn t\u1ed1c \u0111\u1ed9 x\u1eed l\u00fd. Website v\u00e0 app \u0111\u1ec1u ch\u1ea1y m\u01b0\u1ee3t, \u00edt gi\u1eadt lag, thao t\u00e1c nhanh v\u00e0 r\u00f5 r\u00e0ng.<\/p>\n<p data-start=\"4204\" data-end=\"4233\">Nh\u1eefng \u0111i\u1ec3m c\u1ed9ng d\u1ec5 nh\u1eadn th\u1ea5y:<\/p>\n<ul data-start=\"4234\" data-end=\"4381\">\n<li data-start=\"4234\" data-end=\"4269\">\n<p data-start=\"4236\" data-end=\"4269\">Giao di\u1ec7n hi\u1ec7n \u0111\u1ea1i, d\u1ec5 thao t\u00e1c<\/p>\n<\/li>\n<li data-start=\"4270\" data-end=\"4302\">\n<p data-start=\"4272\" data-end=\"4302\">N\u1ea1p ti\u1ec1n nhanh, r\u00fat ti\u1ec1n g\u1ecdn<\/p>\n<\/li>\n<li data-start=\"4340\" data-end=\"4381\">\n<p data-start=\"4342\" data-end=\"4381\">Tr\u1ea3i nghi\u1ec7m \u1ed5n \u0111\u1ecbnh tr\u00ean m\u1ecdi thi\u1ebft b\u1ecb<\/p>\n<\/li>\n<\/ul>\n<p><a href=\"https:\/\/566-66.com\/\"><img loading=\"lazy\" decoding=\"async\" class=\"aligncenter wp-image-199 size-full\" src=\"https:\/\/566-66.com\/wp-content\/uploads\/2026\/02\/566.com-Dua-Top.avif\" alt=\"566.com\" width=\"710\" height=\"320\" srcset=\"https:\/\/566-66.com\/wp-content\/uploads\/2026\/02\/566.com-Dua-Top.avif 710w, https:\/\/566-66.com\/wp-content\/uploads\/2026\/02\/566.com-Dua-Top-300x135.avif 300w\" sizes=\"auto, (max-width: 710px) 100vw, 710px\" \/><\/a><\/p>\n<h2 data-start=\"4683\" data-end=\"4694\"><span class=\"ez-toc-section\" id=\"Ket_luan\"><\/span><span style=\"color: #4d09ce;\">K\u1ebft lu\u1eadn<\/span><span class=\"ez-toc-section-end\"><\/span><\/h2>\n<p data-start=\"4696\" data-end=\"5049\">566 kh\u00f4ng ch\u1ec9 l\u00e0 m\u1ed9t nh\u00e0 c\u00e1i tr\u1ef1c tuy\u1ebfn \u0111\u01a1n thu\u1ea7n, m\u00e0 l\u00e0 m\u1ed9t n\u1ec1n t\u1ea3ng gi\u1ea3i tr\u00ed \u0111\u01b0\u1ee3c \u0111\u1ea7u t\u01b0 nghi\u00eam t\u00fac c\u1ea3 v\u1ec1 c\u00f4ng ngh\u1ec7, tr\u1ea3i nghi\u1ec7m l\u1eabn h\u00ecnh \u1ea3nh th\u01b0\u01a1ng hi\u1ec7u. V\u1edbi khuy\u1ebfn m\u00e3i ng\u1eadp tr\u00e0n cho th\u00e0nh vi\u00ean m\u1edbi, \u0111\u1ed9 uy t\u00edn cao v\u00e0 s\u1ef1 h\u1ee3p t\u00e1c v\u1edbi nhi\u1ec1u c\u1ea7u th\u1ee7 n\u1ed5i ti\u1ebfng, 566 com \u0111ang d\u1ea7n tr\u1edf th\u00e0nh l\u1ef1a ch\u1ecdn quen thu\u1ed9c c\u1ee7a c\u1ed9ng \u0111\u1ed3ng ng\u01b0\u1eddi ch\u01a1i tr\u1ebb.<\/p>\n<\/div>\n<\/div>\n\t\t<\/div>\n\t\t\t\t\t<\/div>\n\n\t\n<\/div>\n\t\t<\/div>\n\n\t\t\n<style>\n#section_1466913330 {\n  padding-top: 30px;\n  padding-bottom: 30px;\n}\n<\/style>\n\t<\/section>\n\t\n","protected":false},"excerpt":{"rendered":"","protected":false},"author":1,"featured_media":188,"parent":0,"menu_order":0,"comment_status":"closed","ping_status":"closed","template":"","meta":{"footnotes":""},"class_list":["post-76","page","type-page","status-publish","has-post-thumbnail","hentry"],"_links":{"self":[{"href":"https:\/\/566-66.com\/index.php?rest_route=\/wp\/v2\/pages\/76","targetHints":{"allow":["GET"]}}],"collection":[{"href":"https:\/\/566-66.com\/index.php?rest_route=\/wp\/v2\/pages"}],"about":[{"href":"https:\/\/566-66.com\/index.php?rest_route=\/wp\/v2\/types\/page"}],"author":[{"embeddable":true,"href":"https:\/\/566-66.com\/index.php?rest_route=\/wp\/v2\/users\/1"}],"replies":[{"embeddable":true,"href":"https:\/\/566-66.com\/index.php?rest_route=%2Fwp%2Fv2%2Fcomments&post=76"}],"version-history":[{"count":54,"href":"https:\/\/566-66.com\/index.php?rest_route=\/wp\/v2\/pages\/76\/revisions"}],"predecessor-version":[{"id":206,"href":"https:\/\/566-66.com\/index.php?rest_route=\/wp\/v2\/pages\/76\/revisions\/206"}],"wp:featuredmedia":[{"embeddable":true,"href":"https:\/\/566-66.com\/index.php?rest_route=\/wp\/v2\/media\/188"}],"wp:attachment":[{"href":"https:\/\/566-66.com\/index.php?rest_route=%2Fwp%2Fv2%2Fmedia&parent=76"}],"curies":[{"name":"wp","href":"https:\/\/api.w.org\/{rel}","templated":true}]}}